{"id":506,"date":"2020-12-22T02:16:27","date_gmt":"2020-12-22T02:16:27","guid":{"rendered":"http:\/\/sw-themes.com\/porto_dummy\/?page_id=506"},"modified":"2025-07-30T16:22:30","modified_gmt":"2025-07-30T21:22:30","slug":"somos","status":"publish","type":"page","link":"https:\/\/www.fenaseo.com.co\/index.php\/somos\/","title":{"rendered":"Nosotros"},"content":{"rendered":"\t\t<div data-elementor-type=\"wp-page\" data-elementor-id=\"506\" class=\"elementor elementor-506\">\n\t\t\t\t\t\t<section class=\"elementor-section elementor-top-section elementor-element elementor-element-606e89c pt-5 elementor-section-content-middle elementor-section-boxed elementor-section-height-default elementor-section-height-default\" data-id=\"606e89c\" data-element_type=\"section\">\r\n\t\t\r\n\t\t\t\t\t\t\t<div class=\"elementor-container elementor-column-gap-no\">\r\n\t\t\t\t\t\t\t\t\t\t\t<div class=\"elementor-column elementor-col-50 elementor-top-column elementor-element elementor-element-a5f10ed mb-5 mb-lg-4 pe-lg-3\" data-id=\"a5f10ed\" data-element_type=\"column\">\r\n\t\t\t\t\t<div class=\"elementor-widget-wrap elementor-element-populated\">\r\n\t\t\t\t\t\t\t\t<div class=\"elementor-element elementor-element-2083e9c custom-border customLineAnimation me-3 mb-2 elementor-widget__width-auto elementor-widget-divider--view-line elementor-invisible elementor-widget elementor-widget-divider\" data-id=\"2083e9c\" data-element_type=\"widget\" data-settings=\"{&quot;_animation&quot;:&quot;slideInLeft&quot;}\" data-widget_type=\"divider.default\">\n\t\t\t\t<div class=\"elementor-widget-container\">\n\t\t\t\t\t\t\t<div class=\"elementor-divider\">\n\t\t\t<span class=\"elementor-divider-separator\">\n\t\t\t\t\t\t<\/span>\n\t\t<\/div>\n\t\t\t\t\t\t<\/div>\n\t\t\t\t<\/div>\n\t\t\t\t<div class=\"elementor-element elementor-element-68bdabd mb-2 d-inline-block elementor-widget__width-auto elementor-invisible elementor-widget elementor-widget-heading\" data-id=\"68bdabd\" data-element_type=\"widget\" data-settings=\"{&quot;_animation&quot;:&quot;fadeInLeft&quot;,&quot;_animation_delay&quot;:1000}\" data-widget_type=\"heading.default\">\n\t\t\t\t<div class=\"elementor-widget-container\">\n\t\t\t\t\t<h4 class=\"elementor-heading-title elementor-size-default\">NOSOTROS<\/h4>\t\t\t\t<\/div>\n\t\t\t\t<\/div>\n\t\t\t\t<div class=\"elementor-element elementor-element-4922140 custom-heading1 mb-4  elementor-invisible elementor-widget elementor-widget-heading\" data-id=\"4922140\" data-element_type=\"widget\" data-settings=\"{&quot;_animation&quot;:&quot;fadeInLeft&quot;,&quot;_animation_delay&quot;:1200}\" data-widget_type=\"heading.default\">\n\t\t\t\t<div class=\"elementor-widget-container\">\n\t\t\t\t\t<h3 class=\"elementor-heading-title elementor-size-default\">\u00bfQui\u00e9nes S\u00f3mos?<strong><\/h3>\t\t\t\t<\/div>\n\t\t\t\t<\/div>\n\t\t\t\t<div class=\"elementor-element elementor-element-5973808 mb-4 elementor-invisible elementor-widget elementor-widget-heading\" data-id=\"5973808\" data-element_type=\"widget\" data-settings=\"{&quot;_animation&quot;:&quot;fadeInUp&quot;,&quot;_animation_delay&quot;:1600}\" data-widget_type=\"heading.default\">\n\t\t\t\t<div class=\"elementor-widget-container\">\n\t\t\t\t\t<p class=\"elementor-heading-title elementor-size-default\">Somos una organizaci\u00f3n sin \u00e1nimo de lucro que agremia a las empresas prestadoras del servicio de aseo y limpieza e industrias afines en Colombia, con el prop\u00f3sito de impulsar el fortalecimiento del gremio y contribuir a su crecimiento.<\/p>\t\t\t\t<\/div>\n\t\t\t\t<\/div>\n\t\t\t\t\t<\/div>\r\n\t\t\t\t<\/div>\r\n\t\t\t\t<div class=\"elementor-column elementor-col-50 elementor-top-column elementor-element elementor-element-fe1eb7f ps-sm-5 ps-lg-0 mb-lg-4\" data-id=\"fe1eb7f\" data-element_type=\"column\">\r\n\t\t\t\t\t<div data-plugin-float-element=\"\" data-plugin-options=\"{&quot;startPos&quot;:&quot;top&quot;,&quot;speed&quot;:&quot;9.8&quot;,&quot;transition&quot;:true,&quot;horizontal&quot;:false}\" class=\"elementor-widget-wrap elementor-element-populated\">\r\n\t\t\t\t\t\t\t\t<div class=\"elementor-element elementor-element-34c6229 elementor-widget elementor-widget-porto_image_gallery\" data-id=\"34c6229\" data-element_type=\"widget\" data-settings=\"{&quot;view&quot;:&quot;masonry&quot;,&quot;spacing&quot;:{&quot;unit&quot;:&quot;px&quot;,&quot;size&quot;:0,&quot;sizes&quot;:[]}}\" data-widget_type=\"porto_image_gallery.default\">\n\t\t\t\t<div class=\"elementor-widget-container\">\n\t\t\t\t\t<div class=\"porto-gallery has-ccols ccols-1 porto-gallery-masonry\" data-plugin-masonry data-plugin-options=\"{&quot;layoutMode&quot;:&quot;masonry&quot;,&quot;itemSelector&quot;:&quot;figure&quot;,&quot;masonry&quot;:{&quot;columnWidth&quot;:&quot;figure&quot;},&quot;animationEngine&quot;:&quot;best-available&quot;,&quot;resizable&quot;:false}\"><figure><img fetchpriority=\"high\" decoding=\"async\" width=\"1000\" height=\"667\" src=\"https:\/\/www.fenaseo.com.co\/wp-content\/uploads\/2025\/04\/full-shot-people-cleaning-office.jpg\" class=\"attachment-full size-full\" alt=\"\" srcset=\"https:\/\/www.fenaseo.com.co\/wp-content\/uploads\/2025\/04\/full-shot-people-cleaning-office.jpg 1000w, https:\/\/www.fenaseo.com.co\/wp-content\/uploads\/2025\/04\/full-shot-people-cleaning-office-768x512.jpg 768w, https:\/\/www.fenaseo.com.co\/wp-content\/uploads\/2025\/04\/full-shot-people-cleaning-office-640x427.jpg 640w, https:\/\/www.fenaseo.com.co\/wp-content\/uploads\/2025\/04\/full-shot-people-cleaning-office-400x267.jpg 400w, https:\/\/www.fenaseo.com.co\/wp-content\/uploads\/2025\/04\/full-shot-people-cleaning-office-367x245.jpg 367w, https:\/\/www.fenaseo.com.co\/wp-content\/uploads\/2025\/04\/full-shot-people-cleaning-office-600x400.jpg 600w\" sizes=\"(max-width: 1000px) 100vw, 1000px\" \/><\/figure><\/div>\t\t\t\t<\/div>\n\t\t\t\t<\/div>\n\t\t\t\t\t<\/div>\r\n\t\t\t\t<\/div>\r\n\t\t\t\t\t<\/div>\r\n\t\t\t\t<\/section>\r\n\t\t\t\t<section class=\"elementor-section elementor-top-section elementor-element elementor-element-c2f25db pt-2 mt-5 elementor-section-boxed elementor-section-height-default elementor-section-height-default\" data-id=\"c2f25db\" data-element_type=\"section\">\r\n\t\t\r\n\t\t\t\t\t\t\t<div class=\"elementor-container elementor-column-gap-no\">\r\n\t\t\t\t\t\t\t\t\t\t\t<div class=\"elementor-column elementor-col-100 elementor-top-column elementor-element elementor-element-6c26593\" data-id=\"6c26593\" data-element_type=\"column\">\r\n\t\t\t\t\t<div class=\"elementor-widget-wrap elementor-element-populated\">\r\n\t\t\t\t\t\t\t\t<div class=\"elementor-element elementor-element-bced1c2 mb-3 elementor-invisible elementor-widget elementor-widget-heading\" data-id=\"bced1c2\" data-element_type=\"widget\" data-settings=\"{&quot;_animation&quot;:&quot;fadeInUp&quot;,&quot;_animation_delay&quot;:200}\" data-widget_type=\"heading.default\">\n\t\t\t\t<div class=\"elementor-widget-container\">\n\t\t\t\t\t<h2 class=\"elementor-heading-title elementor-size-default\">Nuestro Prop\u00f3sito Superior<\/h2>\t\t\t\t<\/div>\n\t\t\t\t<\/div>\n\t\t\t\t<div class=\"elementor-section elementor-inner-section elementor-element elementor-element-ee30e0a pb-4 mb-5 elementor-section-boxed elementor-section-height-default elementor-section-height-default elementor-invisible\" data-id=\"ee30e0a\" data-element_type=\"section\" data-settings=\"{&quot;item_margin&quot;:20,&quot;animation&quot;:&quot;fadeInUp&quot;,&quot;animation_delay&quot;:600}\">\r\n\t\t\r\n\t\t\t\t\t\t\t<div class=\"elementor-container elementor-column-gap-no porto-carousel owl-carousel has-ccols nav-style-2 has-ccols-spacing ccols-md-2 ccols-1 ccols-lg-2 owl-custom-nav\" data-plugin-options=\"{&quot;margin&quot;:20,&quot;items&quot;:2,&quot;nav&quot;:true,&quot;dots&quot;:false,&quot;loop&quot;:false,&quot;mouseDrag&quot;:true,&quot;touchDrag&quot;:true,&quot;themeConfig&quot;:true,&quot;responsive&quot;:{&quot;0&quot;:1,&quot;768&quot;:2},&quot;autoplay&quot;:false}\">\r\n\t\t\t\t\t\t\t\t\t\t\t<div class=\"elementor-column elementor-col-25 elementor-inner-column elementor-element elementor-element-95276db\" data-id=\"95276db\" data-element_type=\"column\">\r\n\t\t\t\t\t<div class=\"elementor-widget-wrap elementor-element-populated\">\r\n\t\t\t\t\t\t\t\t<div class=\"elementor-element elementor-element-aff252f custom-card elementor-widget elementor-widget-porto_info_box\" data-id=\"aff252f\" data-element_type=\"widget\" data-widget_type=\"porto_info_box.default\">\n\t\t\t\t<div class=\"elementor-widget-container\">\n\t\t\t\t\t<div class=\"porto-sicon-box style_1 top-icon\"><div class=\"porto-sicon-header\"><h4 class=\"porto-sicon-title\" style=\"\">MISI\u00d3N<\/h4><\/div> <!-- header --><div class=\"porto-sicon-description\" style=\"\" ><p>Ayudar a nuestras empresas federadas en la generaci\u00f3n de actividades que complementen sus programas de Responsabilidad Social Empresarial, aportando a su desarrollo sostenible y a la consecuci\u00f3n de mayores beneficios para sus empleados.<\/p><p>Colaborar con el Estado Colombiano en el dise\u00f1o de la normatividad atinente al gremio y fomentar su cumplimiento por parte de las empresas federadas.<\/p><\/div> <!-- description --><\/div><!-- porto-sicon-box -->\t\t\t\t<\/div>\n\t\t\t\t<\/div>\n\t\t\t\t<div class=\"elementor-element elementor-element-18e1588 custom-card elementor-widget elementor-widget-porto_info_box\" data-id=\"18e1588\" data-element_type=\"widget\" data-widget_type=\"porto_info_box.default\">\n\t\t\t\t<div class=\"elementor-widget-container\">\n\t\t\t\t\t<div class=\"porto-sicon-box style_1 top-icon\"><div class=\"porto-sicon-header\"><h4 class=\"porto-sicon-title\" style=\"\">OBJETIVO<\/h4><\/div> <!-- header --><div class=\"porto-sicon-description\" style=\"\" ><p>Propiciar las mejores condiciones para las empresas federadas ante cualquier cambio que se de en aspectos jur\u00eddicos y econ\u00f3micos que puedan afectar al gremio.<\/p><p>Profesionalizar el desarrollo de las competencias del personal operativo de las empresas federadas, mediante la capacitaci\u00f3n y certificaci\u00f3n del recurso humano.<\/p><p>Fortalecer las alianzas estrat\u00e9gicas con entidades p\u00fablicas y privadas, a trav\u00e9s de las cuales las empresas agremiadas puedan obtener mayores beneficios u oportunidades en el sector.<\/p><p>Aumentar el n\u00famero de empresas federadas, con el fin de poder fortalecer la imagen de la Federaci\u00f3n, logrando posicionar a FENASEO como una asociaci\u00f3n fuerte e indispensable en la toma de decisiones legislativas.<\/p><\/div> <!-- description --><\/div><!-- porto-sicon-box -->\t\t\t\t<\/div>\n\t\t\t\t<\/div>\n\t\t\t\t<div class=\"elementor-element elementor-element-68a8f96 custom-card elementor-widget elementor-widget-porto_info_box\" data-id=\"68a8f96\" data-element_type=\"widget\" data-widget_type=\"porto_info_box.default\">\n\t\t\t\t<div class=\"elementor-widget-container\">\n\t\t\t\t\t<div class=\"porto-sicon-box style_1 top-icon\"><div class=\"porto-sicon-header\"><h4 class=\"porto-sicon-title\" style=\"\">VALORES<\/h4><\/div> <!-- header --><div class=\"porto-sicon-description\" style=\"\" ><p class=\"p1\"><strong>Compromiso Ambiental<\/strong><\/p><p class=\"p1\">Nuestro compromiso ambiental consiste en concientizar a las empresas federadas en el uso de productos amigables con el ambiente, con el prop\u00f3sito de contribuir a una mejor calidad de vida.<\/p><p class=\"p1\"><strong>\u00c9tica e Integridad<\/strong><\/p><p class=\"p1\">Ser transparentes, honestos, y equitativos con cada uno de nuestros federados, sin importar su tama\u00f1o, es clave para mantener una relaci\u00f3n sana y de confianza entre las empresas agremiadas.<\/p><p class=\"p1\"><strong>Inclusi\u00f3n y equidad<\/strong><\/p><p class=\"p1\">FENASEO quiere ser el aliado estrat\u00e9gico para todas las empresas del sector de aseo y limpieza. Por esta raz\u00f3n, empresas grandes, medianas y peque\u00f1as encontrar\u00e1n en la Federaci\u00f3n las mismas oportunidades, beneficios y servicios en pro de su desarrollo y competitividad empresarial.<\/p><p class=\"p1\"><strong>Pasi\u00f3n<\/strong><\/p><p class=\"p1\">Para FENASEO trabajar con pasi\u00f3n es el motor que la conduce hacia el logro de todos sus objetivos, procurando incansablemente mejores oportunidades y beneficios para sus federados.<\/p><\/div> <!-- description --><\/div><!-- porto-sicon-box -->\t\t\t\t<\/div>\n\t\t\t\t<\/div>\n\t\t\t\t\t<\/div>\r\n\t\t\t\t<\/div>\r\n\t\t\t\t<div class=\"elementor-column elementor-col-25 elementor-inner-column elementor-element elementor-element-a24d96b\" data-id=\"a24d96b\" data-element_type=\"column\">\r\n\t\t\t\t\t<div class=\"elementor-widget-wrap elementor-element-populated\">\r\n\t\t\t\t\t\t\t\t<div class=\"elementor-element elementor-element-c643a32 custom-card elementor-widget elementor-widget-porto_info_box\" data-id=\"c643a32\" data-element_type=\"widget\" data-widget_type=\"porto_info_box.default\">\n\t\t\t\t<div class=\"elementor-widget-container\">\n\t\t\t\t\t<div class=\"porto-sicon-box style_1 top-icon\"><div class=\"porto-sicon-header\"><h4 class=\"porto-sicon-title\" style=\"\">VISI\u00d3N<\/h4><\/div> <!-- header --><div class=\"porto-sicon-description\" style=\"\" ><p>Ser reconocidos a nivel nacional como el representante y mejor aliado de las empresas de aseo e industrias afines en la toma de decisiones del gremio, constituy\u00e9ndose en una herramienta fundamental para su desarrollo competitivo en el mercado.<\/p><\/div> <!-- description --><\/div><!-- porto-sicon-box -->\t\t\t\t<\/div>\n\t\t\t\t<\/div>\n\t\t\t\t\t<\/div>\r\n\t\t\t\t<\/div>\r\n\t\t\t\t<div class=\"elementor-column elementor-col-25 elementor-inner-column elementor-element elementor-element-f9ef42a\" data-id=\"f9ef42a\" data-element_type=\"column\">\r\n\t\t\t\t\t<div class=\"elementor-widget-wrap elementor-element-populated\">\r\n\t\t\t\t\t\t\t\t<div class=\"elementor-element elementor-element-a6b27be custom-card elementor-widget elementor-widget-porto_info_box\" data-id=\"a6b27be\" data-element_type=\"widget\" data-widget_type=\"porto_info_box.default\">\n\t\t\t\t<div class=\"elementor-widget-container\">\n\t\t\t\t\t<div class=\"porto-sicon-box style_1 top-icon\"><div class=\"porto-sicon-header\"><h4 class=\"porto-sicon-title\" style=\"\">2018<\/h4><p >New Office<\/p><\/div> <!-- header --><div class=\"porto-sicon-description\" style=\"\" ><p>Cras a elit sit amet leo accumsan volutpat. Suspendisse hendrerit vehicula leo, vel efficitur felis ultrices non. Integer aliquet ullamcorper dolor, quis sollicitudin.<\/p><\/div> <!-- description --><\/div><!-- porto-sicon-box -->\t\t\t\t<\/div>\n\t\t\t\t<\/div>\n\t\t\t\t\t<\/div>\r\n\t\t\t\t<\/div>\r\n\t\t\t\t<div class=\"elementor-column elementor-col-25 elementor-inner-column elementor-element elementor-element-a3f03b6\" data-id=\"a3f03b6\" data-element_type=\"column\">\r\n\t\t\t\t\t<div class=\"elementor-widget-wrap elementor-element-populated\">\r\n\t\t\t\t\t\t\t\t<div class=\"elementor-element elementor-element-0c32d43 custom-card elementor-widget elementor-widget-porto_info_box\" data-id=\"0c32d43\" data-element_type=\"widget\" data-widget_type=\"porto_info_box.default\">\n\t\t\t\t<div class=\"elementor-widget-container\">\n\t\t\t\t\t<div class=\"porto-sicon-box style_1 top-icon\"><div class=\"porto-sicon-header\"><h4 class=\"porto-sicon-title\" style=\"\">2021<\/h4><p >100+ Employes<\/p><\/div> <!-- header --><div class=\"porto-sicon-description\" style=\"\" ><p>Cras a elit sit amet leo accumsan volutpat. Suspendisse hendrerit vehicula leo, vel efficitur felis ultrices non. Integer aliquet ullamcorper dolor, quis sollicitudin.<\/p><\/div> <!-- description --><\/div><!-- porto-sicon-box -->\t\t\t\t<\/div>\n\t\t\t\t<\/div>\n\t\t\t\t\t<\/div>\r\n\t\t\t\t<\/div>\r\n\t\t\t\t\t<\/div>\r\n\t\t\t\t<\/div>\r\n\t\t\t\t\t<\/div>\r\n\t\t\t\t<\/div>\r\n\t\t\t\t\t<\/div>\r\n\t\t\t\t<\/section>\r\n\t\t\t\t<\/div>\n\t\t","protected":false},"excerpt":{"rendered":"<p>NOSOTROS \u00bfQui\u00e9nes S\u00f3mos? Somos una organizaci\u00f3n sin \u00e1nimo de lucro que agremia a las empresas prestadoras del servicio de aseo y limpieza e industrias afines en Colombia, con el prop\u00f3sito de impulsar el fortalecimiento del gremio y contribuir a su crecimiento. Nuestro Prop\u00f3sito Superior MISI\u00d3N Ayudar a nuestras empresas federadas en la generaci\u00f3n de actividades [&hellip;]<\/p>\n","protected":false},"author":1,"featured_media":0,"parent":0,"menu_order":0,"comment_status":"closed","ping_status":"closed","template":"","meta":{"_acf_changed":false,"content-type":"","footnotes":""},"class_list":["post-506","page","type-page","status-publish","hentry"],"acf":[],"_links":{"self":[{"href":"https:\/\/www.fenaseo.com.co\/index.php\/wp-json\/wp\/v2\/pages\/506","targetHints":{"allow":["GET"]}}],"collection":[{"href":"https:\/\/www.fenaseo.com.co\/index.php\/wp-json\/wp\/v2\/pages"}],"about":[{"href":"https:\/\/www.fenaseo.com.co\/index.php\/wp-json\/wp\/v2\/types\/page"}],"author":[{"embeddable":true,"href":"https:\/\/www.fenaseo.com.co\/index.php\/wp-json\/wp\/v2\/users\/1"}],"replies":[{"embeddable":true,"href":"https:\/\/www.fenaseo.com.co\/index.php\/wp-json\/wp\/v2\/comments?post=506"}],"version-history":[{"count":19,"href":"https:\/\/www.fenaseo.com.co\/index.php\/wp-json\/wp\/v2\/pages\/506\/revisions"}],"predecessor-version":[{"id":4299,"href":"https:\/\/www.fenaseo.com.co\/index.php\/wp-json\/wp\/v2\/pages\/506\/revisions\/4299"}],"wp:attachment":[{"href":"https:\/\/www.fenaseo.com.co\/index.php\/wp-json\/wp\/v2\/media?parent=506"}],"curies":[{"name":"wp","href":"https:\/\/api.w.org\/{rel}","templated":true}]}}