{"id":4471,"date":"2025-04-20T21:22:08","date_gmt":"2025-04-21T02:22:08","guid":{"rendered":"https:\/\/inventaagenciadecomunicacion.com\/fenaseo\/?page_id=4471"},"modified":"2025-04-20T21:29:09","modified_gmt":"2025-04-21T02:29:09","slug":"productividad-laboral-y-organizacion-5s","status":"publish","type":"page","link":"https:\/\/www.fenaseo.com.co\/index.php\/productividad-laboral-y-organizacion-5s\/","title":{"rendered":"Productividad Laboral y Organizaci\u00f3n 5S"},"content":{"rendered":"\t\t<div data-elementor-type=\"wp-page\" data-elementor-id=\"4471\" class=\"elementor elementor-4471\">\n\t\t\t\t\t\t<div class=\"elementor-section elementor-top-section elementor-element elementor-element-21cf0e0 elementor-section-boxed elementor-section-height-default elementor-section-height-default\" data-id=\"21cf0e0\" data-element_type=\"section\" data-settings=\"{&quot;background_background&quot;:&quot;classic&quot;}\">\r\n\t\t\r\n\t\t\t\t\t\t\t<div class=\"elementor-container elementor-column-gap-no\">\r\n\t\t\t\t\t\t\t\t\t\t\t<div class=\"elementor-column elementor-col-50 elementor-top-column elementor-element elementor-element-bb4fff2 contact-info\" data-id=\"bb4fff2\" data-element_type=\"column\">\r\n\t\t\t\t\t<div class=\"elementor-widget-wrap elementor-element-populated\">\r\n\t\t\t\t\t\t\t\t<section class=\"elementor-section elementor-inner-section elementor-element elementor-element-3e18913 py-5 my-5 elementor-section-boxed elementor-section-height-default elementor-section-height-default\" data-id=\"3e18913\" data-element_type=\"section\">\r\n\t\t\r\n\t\t\t\t\t\t\t<div class=\"elementor-container elementor-column-gap-default\">\r\n\t\t\t\t\t\t\t\t\t\t\t<div class=\"elementor-column elementor-col-50 elementor-inner-column elementor-element elementor-element-9264010\" data-id=\"9264010\" data-element_type=\"column\">\r\n\t\t\t\t\t<div class=\"elementor-widget-wrap elementor-element-populated\">\r\n\t\t\t\t\t\t\t\t<div class=\"elementor-element elementor-element-31e72cd mb-3 elementor-widget elementor-widget-heading\" data-id=\"31e72cd\" data-element_type=\"widget\" data-widget_type=\"heading.default\">\n\t\t\t\t<div class=\"elementor-widget-container\">\n\t\t\t\t\t<h2 class=\"elementor-heading-title elementor-size-default\">Productividad Laboral y Organizaci\u00f3n 5S<\/h2>\t\t\t\t<\/div>\n\t\t\t\t<\/div>\n\t\t\t\t<div class=\"elementor-element elementor-element-bfae65c mb-0 elementor-widget elementor-widget-porto_ultimate_heading\" data-id=\"bfae65c\" data-element_type=\"widget\" data-widget_type=\"porto_ultimate_heading.default\">\n\t\t\t\t<div class=\"elementor-widget-container\">\n\t\t\t\t\t<div class=\"porto-u-heading  porto-u-ad87e2eaf3f9c495180fe0156ddf3eb0\"><div class=\"porto-u-sub-heading\" style=\"margin-bottom:24px;\"><p>Preparar al personal para la identificaci\u00f3n de los factores que afectan su productividad, ayudando a la organizaci\u00f3n de sus espacios de trabajo, de sus tiempos laborales y la inclusi\u00f3n de descansos laborales que aumenten su bienestar laboral y personal.\u00a0<\/p><\/div><style>.porto-u-ad87e2eaf3f9c495180fe0156ddf3eb0.porto-u-heading{text-align:left}<\/style><\/div>\t\t\t\t<\/div>\n\t\t\t\t<\/div>\n\t\t\t\t\t<\/div>\r\n\t\t\t\t<\/div>\r\n\t\t\t\t<div class=\"elementor-column elementor-col-50 elementor-inner-column elementor-element elementor-element-01d41a8\" data-id=\"01d41a8\" data-element_type=\"column\">\r\n\t\t\t\t\t<div class=\"elementor-widget-wrap elementor-element-populated\">\r\n\t\t\t\t\t\t\t\t<div class=\"elementor-element elementor-element-d392e27 mb-3 elementor-widget elementor-widget-heading\" data-id=\"d392e27\" data-element_type=\"widget\" data-widget_type=\"heading.default\">\n\t\t\t\t<div class=\"elementor-widget-container\">\n\t\t\t\t\t<h2 class=\"elementor-heading-title elementor-size-default\">Contenido Tem\u00e1tico<\/h2>\t\t\t\t<\/div>\n\t\t\t\t<\/div>\n\t\t\t\t<div class=\"elementor-element elementor-element-b4befc6 mb-0 elementor-widget elementor-widget-porto_ultimate_heading\" data-id=\"b4befc6\" data-element_type=\"widget\" data-widget_type=\"porto_ultimate_heading.default\">\n\t\t\t\t<div class=\"elementor-widget-container\">\n\t\t\t\t\t<div class=\"porto-u-heading  porto-u-ad87e2eaf3f9c495180fe0156ddf3eb0\"><div class=\"porto-u-sub-heading\" style=\"margin-bottom:24px;\"><p><strong>1. Definiciones<\/strong><\/p><ol><li>Productividad.<\/li><li>Rendimiento.<\/li><li>Eficiencia.<\/li><li>Eficacia.<\/li><li>Pausa activa.<\/li><\/ol><p><strong>2. Organizaci\u00f3n del lugar de trabajo<\/strong><\/p><p>\u00bfQu\u00e9 son las 5S?<\/p><p><strong>3.Descripci\u00f3n del m\u00e9todo 5S<\/strong><\/p><ol><li>Seiri: clasificaci\u00f3n y descarte.<\/li><li>Seiton: organizaci\u00f3n.<\/li><li>Seiso: limpieza.<\/li><li>Seiketsu: visualizaci\u00f3n.<\/li><li>Shitsuke: disciplina y compromiso.<\/li><\/ol><p><strong>4. Importancia del m\u00e9todo 5S<\/strong><\/p><p><strong>5. T\u00e9cnicas de productividad laboral<\/strong><\/p><ol><li>El m\u00e9todo de Jerry Seinfeld.<\/li><li>T\u00e9cnica pomodoro.<\/li><li>Kanban o m\u00e9todo Toyota.<\/li><li>Comerse la rana.<\/li><li>Alicia en el pa\u00eds de las maravillas.<\/li><li>The final countdown.<\/li><li>Lista tus objetivos<\/li><\/ol><p><strong>6. Pausas activas<\/strong><\/p><ol><li>Concepto Legal.<\/li><li>Importancia de las pausas activas.<\/li><li>Cuidados generales.<\/li><\/ol><\/div><style>.porto-u-ad87e2eaf3f9c495180fe0156ddf3eb0.porto-u-heading{text-align:left}<\/style><\/div>\t\t\t\t<\/div>\n\t\t\t\t<\/div>\n\t\t\t\t\t<\/div>\r\n\t\t\t\t<\/div>\r\n\t\t\t\t\t<\/div>\r\n\t\t\t\t<\/section>\r\n\t\t\t\t\t<\/div>\r\n\t\t\t\t<\/div>\r\n\t\t\t\t<div class=\"elementor-column elementor-col-50 elementor-top-column elementor-element elementor-element-d136257 fluid-col-lg-5\" data-id=\"d136257\" data-element_type=\"column\">\r\n\t\t\t\t\t<div class=\"elementor-widget-wrap elementor-element-populated\">\r\n\t\t\t\t\t\t\t\t<div class=\"elementor-element elementor-element-a48fbd4 elementor-widget elementor-widget-porto_image_gallery\" data-id=\"a48fbd4\" data-element_type=\"widget\" data-settings=\"{&quot;spacing&quot;:{&quot;unit&quot;:&quot;px&quot;,&quot;size&quot;:100,&quot;sizes&quot;:[]},&quot;view&quot;:&quot;grid&quot;}\" data-widget_type=\"porto_image_gallery.default\">\n\t\t\t\t<div class=\"elementor-widget-container\">\n\t\t\t\t\t<div class=\"porto-gallery has-ccols ccols-1 has-ccols-spacing porto-gallery-grid align-items-start\"><figure><img fetchpriority=\"high\" decoding=\"async\" width=\"800\" height=\"800\" src=\"https:\/\/www.fenaseo.com.co\/wp-content\/uploads\/2025\/04\/productividad.png\" class=\"attachment-full size-full\" alt=\"\" srcset=\"https:\/\/www.fenaseo.com.co\/wp-content\/uploads\/2025\/04\/productividad.png 800w, https:\/\/www.fenaseo.com.co\/wp-content\/uploads\/2025\/04\/productividad-768x768.png 768w, https:\/\/www.fenaseo.com.co\/wp-content\/uploads\/2025\/04\/productividad-640x640.png 640w, https:\/\/www.fenaseo.com.co\/wp-content\/uploads\/2025\/04\/productividad-400x400.png 400w, https:\/\/www.fenaseo.com.co\/wp-content\/uploads\/2025\/04\/productividad-560x560.png 560w, https:\/\/www.fenaseo.com.co\/wp-content\/uploads\/2025\/04\/productividad-367x367.png 367w, https:\/\/www.fenaseo.com.co\/wp-content\/uploads\/2025\/04\/productividad-600x600.png 600w\" sizes=\"(max-width: 800px) 100vw, 800px\" \/><\/figure><\/div>\t\t\t\t<\/div>\n\t\t\t\t<\/div>\n\t\t\t\t\t<\/div>\r\n\t\t\t\t<\/div>\r\n\t\t\t\t\t<\/div>\r\n\t\t\t\t<\/div>\r\n\t\t\t\t<div class=\"elementor-section elementor-top-section elementor-element elementor-element-e370797 py-5 mt-5 elementor-section-boxed elementor-section-height-default elementor-section-height-default\" data-id=\"e370797\" data-element_type=\"section\">\r\n\t\t\r\n\t\t\t\t\t\t\t<div class=\"elementor-container elementor-column-gap-no\">\r\n\t\t\t\t\t\t\t\t\t\t\t<div class=\"elementor-column elementor-col-100 elementor-top-column elementor-element elementor-element-7ba01ec\" data-id=\"7ba01ec\" data-element_type=\"column\">\r\n\t\t\t\t\t<div class=\"elementor-widget-wrap\">\r\n\t\t\t\t\t\t\t\t\t<\/div>\r\n\t\t\t\t<\/div>\r\n\t\t\t\t\t<\/div>\r\n\t\t\t\t<\/div>\r\n\t\t\t\t<\/div>\n\t\t","protected":false},"excerpt":{"rendered":"<p>Productividad Laboral y Organizaci\u00f3n 5S Preparar al personal para la identificaci\u00f3n de los factores que afectan su productividad, ayudando a la organizaci\u00f3n de sus espacios de trabajo, de sus tiempos laborales y la inclusi\u00f3n de descansos laborales que aumenten su bienestar laboral y personal.\u00a0 Contenido Tem\u00e1tico 1. Definiciones Productividad. Rendimiento. Eficiencia. Eficacia. Pausa activa. 2. [&hellip;]<\/p>\n","protected":false},"author":1,"featured_media":0,"parent":0,"menu_order":0,"comment_status":"closed","ping_status":"closed","template":"","meta":{"_acf_changed":false,"content-type":"","footnotes":""},"class_list":["post-4471","page","type-page","status-publish","hentry"],"acf":[],"_links":{"self":[{"href":"https:\/\/www.fenaseo.com.co\/index.php\/wp-json\/wp\/v2\/pages\/4471","targetHints":{"allow":["GET"]}}],"collection":[{"href":"https:\/\/www.fenaseo.com.co\/index.php\/wp-json\/wp\/v2\/pages"}],"about":[{"href":"https:\/\/www.fenaseo.com.co\/index.php\/wp-json\/wp\/v2\/types\/page"}],"author":[{"embeddable":true,"href":"https:\/\/www.fenaseo.com.co\/index.php\/wp-json\/wp\/v2\/users\/1"}],"replies":[{"embeddable":true,"href":"https:\/\/www.fenaseo.com.co\/index.php\/wp-json\/wp\/v2\/comments?post=4471"}],"version-history":[{"count":4,"href":"https:\/\/www.fenaseo.com.co\/index.php\/wp-json\/wp\/v2\/pages\/4471\/revisions"}],"predecessor-version":[{"id":4475,"href":"https:\/\/www.fenaseo.com.co\/index.php\/wp-json\/wp\/v2\/pages\/4471\/revisions\/4475"}],"wp:attachment":[{"href":"https:\/\/www.fenaseo.com.co\/index.php\/wp-json\/wp\/v2\/media?parent=4471"}],"curies":[{"name":"wp","href":"https:\/\/api.w.org\/{rel}","templated":true}]}}