{"id":4439,"date":"2025-04-20T17:53:53","date_gmt":"2025-04-20T22:53:53","guid":{"rendered":"https:\/\/inventaagenciadecomunicacion.com\/fenaseo\/?page_id=4439"},"modified":"2025-04-20T19:59:10","modified_gmt":"2025-04-21T00:59:10","slug":"manejo-de-residuos-quimicos","status":"publish","type":"page","link":"https:\/\/www.fenaseo.com.co\/index.php\/manejo-de-residuos-quimicos\/","title":{"rendered":"Manejo de Residuos Qu\u00edmicos"},"content":{"rendered":"\t\t<div data-elementor-type=\"wp-page\" data-elementor-id=\"4439\" class=\"elementor elementor-4439\">\n\t\t\t\t\t\t<div class=\"elementor-section elementor-top-section elementor-element elementor-element-21cf0e0 elementor-section-boxed elementor-section-height-default elementor-section-height-default\" data-id=\"21cf0e0\" data-element_type=\"section\" data-settings=\"{&quot;background_background&quot;:&quot;classic&quot;}\">\r\n\t\t\r\n\t\t\t\t\t\t\t<div class=\"elementor-container elementor-column-gap-no\">\r\n\t\t\t\t\t\t\t\t\t\t\t<div class=\"elementor-column elementor-col-50 elementor-top-column elementor-element elementor-element-bb4fff2 contact-info\" data-id=\"bb4fff2\" data-element_type=\"column\">\r\n\t\t\t\t\t<div class=\"elementor-widget-wrap elementor-element-populated\">\r\n\t\t\t\t\t\t\t\t<section class=\"elementor-section elementor-inner-section elementor-element elementor-element-3e18913 py-5 my-5 elementor-section-boxed elementor-section-height-default elementor-section-height-default\" data-id=\"3e18913\" data-element_type=\"section\">\r\n\t\t\r\n\t\t\t\t\t\t\t<div class=\"elementor-container elementor-column-gap-default\">\r\n\t\t\t\t\t\t\t\t\t\t\t<div class=\"elementor-column elementor-col-50 elementor-inner-column elementor-element elementor-element-9264010\" data-id=\"9264010\" data-element_type=\"column\">\r\n\t\t\t\t\t<div class=\"elementor-widget-wrap elementor-element-populated\">\r\n\t\t\t\t\t\t\t\t<div class=\"elementor-element elementor-element-31e72cd mb-3 elementor-widget elementor-widget-heading\" data-id=\"31e72cd\" data-element_type=\"widget\" data-widget_type=\"heading.default\">\n\t\t\t\t<div class=\"elementor-widget-container\">\n\t\t\t\t\t<h2 class=\"elementor-heading-title elementor-size-default\">Manejo de Residuos Qu\u00edmicos<\/h2>\t\t\t\t<\/div>\n\t\t\t\t<\/div>\n\t\t\t\t<div class=\"elementor-element elementor-element-bfae65c mb-0 elementor-widget elementor-widget-porto_ultimate_heading\" data-id=\"bfae65c\" data-element_type=\"widget\" data-widget_type=\"porto_ultimate_heading.default\">\n\t\t\t\t<div class=\"elementor-widget-container\">\n\t\t\t\t\t<div class=\"porto-u-heading  porto-u-ad87e2eaf3f9c495180fe0156ddf3eb0\"><div class=\"porto-u-sub-heading\" style=\"margin-bottom:24px;\"><p>La capacitaci\u00f3n tiene como finalidad, definir y clasificar los residuos industriales desde que se generan en la fuente, la importancia de su separaci\u00f3n y definici\u00f3n de colores de los puntos ecol\u00f3gicos, tratamiento final y cuidado del medio ambiente relacionado con el manejo adecuado de los residuos.<\/p><\/div><style>.porto-u-ad87e2eaf3f9c495180fe0156ddf3eb0.porto-u-heading{text-align:left}<\/style><\/div>\t\t\t\t<\/div>\n\t\t\t\t<\/div>\n\t\t\t\t\t<\/div>\r\n\t\t\t\t<\/div>\r\n\t\t\t\t<div class=\"elementor-column elementor-col-50 elementor-inner-column elementor-element elementor-element-01d41a8\" data-id=\"01d41a8\" data-element_type=\"column\">\r\n\t\t\t\t\t<div class=\"elementor-widget-wrap elementor-element-populated\">\r\n\t\t\t\t\t\t\t\t<div class=\"elementor-element elementor-element-d392e27 mb-3 elementor-widget elementor-widget-heading\" data-id=\"d392e27\" data-element_type=\"widget\" data-widget_type=\"heading.default\">\n\t\t\t\t<div class=\"elementor-widget-container\">\n\t\t\t\t\t<h2 class=\"elementor-heading-title elementor-size-default\">Contenido Tem\u00e1tico<\/h2>\t\t\t\t<\/div>\n\t\t\t\t<\/div>\n\t\t\t\t<div class=\"elementor-element elementor-element-b4befc6 mb-0 elementor-widget elementor-widget-porto_ultimate_heading\" data-id=\"b4befc6\" data-element_type=\"widget\" data-widget_type=\"porto_ultimate_heading.default\">\n\t\t\t\t<div class=\"elementor-widget-container\">\n\t\t\t\t\t<div class=\"porto-u-heading  porto-u-ad87e2eaf3f9c495180fe0156ddf3eb0\"><div class=\"porto-u-sub-heading\" style=\"margin-bottom:24px;\"><p><strong>1. Generalidades y definiciones<\/strong><\/p><ol><li>Conceptos y definiciones.<\/li><li>Marco Legal.<\/li><li>Clasificaci\u00f3n y separaci\u00f3n de residuos s\u00f3lidos de acuerdo con su naturaleza.<\/li><\/ol><p><strong>2. Gesti\u00f3n integral de residuos<\/strong><\/p><ol><li>Separaci\u00f3n en la fuente- C\u00f3digo de Colores.<\/li><li>Ruta sanitaria.<\/li><li>Almacenamiento y acopio de residuos.<\/li><\/ol><p><strong>3. Uso correcto de Epp<\/strong><\/p><p><strong>4. Etiquetado y Se\u00f1alizaci\u00f3n de residuos<\/strong><\/p><p><strong>5. Emergencias ambientales \u2013 \u00bfQu\u00e9 hacer?<\/strong><\/p><p><strong>6. Plan de contingencia<\/strong><\/p><p><strong>7. Disposici\u00f3n y tratamiento final de residuos<\/strong><\/p><p><strong>8. Impacto de la generaci\u00f3n de residuos en la salud humana, medio ambiente a nivel econ\u00f3mico y social<\/strong><\/p><p><strong>9. Manejo de residuos industriales<\/strong><\/p><ol><li>Descripci\u00f3n y clasificaci\u00f3n de residuos peligrosos.<\/li><li>Toxicidad, inflamabilidad y explosividad, reactividad violenta y radiactividad.<\/li><\/ol><p><strong>10. Manejo seguro de sustancias qu\u00edmicas<\/strong><\/p><ol><li>Identificaci\u00f3n del producto y sus peligros.<\/li><li>Etiquetas, pictogramas OMI, de identificaci\u00f3n, hoja de datos de seguridad de los materiales.<\/li><li>L\u00edmites permisibles de exposici\u00f3n.<\/li><li>Muestreo y medici\u00f3n de contaminantes.<\/li><li>M\u00e9todos de control de factores de riesgo.<\/li><\/ol><p><strong>11. Transporte y almacenamiento de sustancias peligrosas<\/strong><\/p><\/div><style>.porto-u-ad87e2eaf3f9c495180fe0156ddf3eb0.porto-u-heading{text-align:left}<\/style><\/div>\t\t\t\t<\/div>\n\t\t\t\t<\/div>\n\t\t\t\t\t<\/div>\r\n\t\t\t\t<\/div>\r\n\t\t\t\t\t<\/div>\r\n\t\t\t\t<\/section>\r\n\t\t\t\t\t<\/div>\r\n\t\t\t\t<\/div>\r\n\t\t\t\t<div class=\"elementor-column elementor-col-50 elementor-top-column elementor-element elementor-element-d136257 fluid-col-lg-5\" data-id=\"d136257\" data-element_type=\"column\">\r\n\t\t\t\t\t<div class=\"elementor-widget-wrap elementor-element-populated\">\r\n\t\t\t\t\t\t\t\t<div class=\"elementor-element elementor-element-a48fbd4 elementor-widget elementor-widget-porto_image_gallery\" data-id=\"a48fbd4\" data-element_type=\"widget\" data-settings=\"{&quot;spacing&quot;:{&quot;unit&quot;:&quot;px&quot;,&quot;size&quot;:100,&quot;sizes&quot;:[]},&quot;view&quot;:&quot;grid&quot;}\" data-widget_type=\"porto_image_gallery.default\">\n\t\t\t\t<div class=\"elementor-widget-container\">\n\t\t\t\t\t<div class=\"porto-gallery has-ccols ccols-1 has-ccols-spacing porto-gallery-grid align-items-start\"><figure><img fetchpriority=\"high\" decoding=\"async\" width=\"800\" height=\"800\" src=\"https:\/\/www.fenaseo.com.co\/wp-content\/uploads\/2025\/04\/residuos_quimicos.png\" class=\"attachment-full size-full\" alt=\"\" srcset=\"https:\/\/www.fenaseo.com.co\/wp-content\/uploads\/2025\/04\/residuos_quimicos.png 800w, https:\/\/www.fenaseo.com.co\/wp-content\/uploads\/2025\/04\/residuos_quimicos-768x768.png 768w, https:\/\/www.fenaseo.com.co\/wp-content\/uploads\/2025\/04\/residuos_quimicos-640x640.png 640w, https:\/\/www.fenaseo.com.co\/wp-content\/uploads\/2025\/04\/residuos_quimicos-400x400.png 400w, https:\/\/www.fenaseo.com.co\/wp-content\/uploads\/2025\/04\/residuos_quimicos-560x560.png 560w, https:\/\/www.fenaseo.com.co\/wp-content\/uploads\/2025\/04\/residuos_quimicos-367x367.png 367w, https:\/\/www.fenaseo.com.co\/wp-content\/uploads\/2025\/04\/residuos_quimicos-600x600.png 600w\" sizes=\"(max-width: 800px) 100vw, 800px\" \/><\/figure><\/div>\t\t\t\t<\/div>\n\t\t\t\t<\/div>\n\t\t\t\t\t<\/div>\r\n\t\t\t\t<\/div>\r\n\t\t\t\t\t<\/div>\r\n\t\t\t\t<\/div>\r\n\t\t\t\t<div class=\"elementor-section elementor-top-section elementor-element elementor-element-e370797 py-5 mt-5 elementor-section-boxed elementor-section-height-default elementor-section-height-default\" data-id=\"e370797\" data-element_type=\"section\">\r\n\t\t\r\n\t\t\t\t\t\t\t<div class=\"elementor-container elementor-column-gap-no\">\r\n\t\t\t\t\t\t\t\t\t\t\t<div class=\"elementor-column elementor-col-100 elementor-top-column elementor-element elementor-element-7ba01ec\" data-id=\"7ba01ec\" data-element_type=\"column\">\r\n\t\t\t\t\t<div class=\"elementor-widget-wrap\">\r\n\t\t\t\t\t\t\t\t\t<\/div>\r\n\t\t\t\t<\/div>\r\n\t\t\t\t\t<\/div>\r\n\t\t\t\t<\/div>\r\n\t\t\t\t<\/div>\n\t\t","protected":false},"excerpt":{"rendered":"<p>Manejo de Residuos Qu\u00edmicos La capacitaci\u00f3n tiene como finalidad, definir y clasificar los residuos industriales desde que se generan en la fuente, la importancia de su separaci\u00f3n y definici\u00f3n de colores de los puntos ecol\u00f3gicos, tratamiento final y cuidado del medio ambiente relacionado con el manejo adecuado de los residuos. Contenido Tem\u00e1tico 1. Generalidades y [&hellip;]<\/p>\n","protected":false},"author":1,"featured_media":0,"parent":0,"menu_order":0,"comment_status":"closed","ping_status":"closed","template":"","meta":{"_acf_changed":false,"content-type":"","footnotes":""},"class_list":["post-4439","page","type-page","status-publish","hentry"],"acf":[],"_links":{"self":[{"href":"https:\/\/www.fenaseo.com.co\/index.php\/wp-json\/wp\/v2\/pages\/4439","targetHints":{"allow":["GET"]}}],"collection":[{"href":"https:\/\/www.fenaseo.com.co\/index.php\/wp-json\/wp\/v2\/pages"}],"about":[{"href":"https:\/\/www.fenaseo.com.co\/index.php\/wp-json\/wp\/v2\/types\/page"}],"author":[{"embeddable":true,"href":"https:\/\/www.fenaseo.com.co\/index.php\/wp-json\/wp\/v2\/users\/1"}],"replies":[{"embeddable":true,"href":"https:\/\/www.fenaseo.com.co\/index.php\/wp-json\/wp\/v2\/comments?post=4439"}],"version-history":[{"count":7,"href":"https:\/\/www.fenaseo.com.co\/index.php\/wp-json\/wp\/v2\/pages\/4439\/revisions"}],"predecessor-version":[{"id":4446,"href":"https:\/\/www.fenaseo.com.co\/index.php\/wp-json\/wp\/v2\/pages\/4439\/revisions\/4446"}],"wp:attachment":[{"href":"https:\/\/www.fenaseo.com.co\/index.php\/wp-json\/wp\/v2\/media?parent=4439"}],"curies":[{"name":"wp","href":"https:\/\/api.w.org\/{rel}","templated":true}]}}