{"id":4427,"date":"2025-04-20T15:55:02","date_gmt":"2025-04-20T20:55:02","guid":{"rendered":"https:\/\/inventaagenciadecomunicacion.com\/fenaseo\/?page_id=4427"},"modified":"2025-04-20T15:57:01","modified_gmt":"2025-04-20T20:57:01","slug":"manipulacion-de-alimentos","status":"publish","type":"page","link":"https:\/\/www.fenaseo.com.co\/index.php\/manipulacion-de-alimentos\/","title":{"rendered":"Manipulaci\u00f3n de Alimentos"},"content":{"rendered":"\t\t<div data-elementor-type=\"wp-page\" data-elementor-id=\"4427\" class=\"elementor elementor-4427\">\n\t\t\t\t\t\t<div class=\"elementor-section elementor-top-section elementor-element elementor-element-21cf0e0 elementor-section-boxed elementor-section-height-default elementor-section-height-default\" data-id=\"21cf0e0\" data-element_type=\"section\" data-settings=\"{&quot;background_background&quot;:&quot;classic&quot;}\">\r\n\t\t\r\n\t\t\t\t\t\t\t<div class=\"elementor-container elementor-column-gap-no\">\r\n\t\t\t\t\t\t\t\t\t\t\t<div class=\"elementor-column elementor-col-50 elementor-top-column elementor-element elementor-element-bb4fff2 contact-info\" data-id=\"bb4fff2\" data-element_type=\"column\">\r\n\t\t\t\t\t<div class=\"elementor-widget-wrap elementor-element-populated\">\r\n\t\t\t\t\t\t\t\t<section class=\"elementor-section elementor-inner-section elementor-element elementor-element-3e18913 py-5 my-5 elementor-section-boxed elementor-section-height-default elementor-section-height-default\" data-id=\"3e18913\" data-element_type=\"section\">\r\n\t\t\r\n\t\t\t\t\t\t\t<div class=\"elementor-container elementor-column-gap-default\">\r\n\t\t\t\t\t\t\t\t\t\t\t<div class=\"elementor-column elementor-col-50 elementor-inner-column elementor-element elementor-element-9264010\" data-id=\"9264010\" data-element_type=\"column\">\r\n\t\t\t\t\t<div class=\"elementor-widget-wrap elementor-element-populated\">\r\n\t\t\t\t\t\t\t\t<div class=\"elementor-element elementor-element-31e72cd mb-3 elementor-widget elementor-widget-heading\" data-id=\"31e72cd\" data-element_type=\"widget\" data-widget_type=\"heading.default\">\n\t\t\t\t<div class=\"elementor-widget-container\">\n\t\t\t\t\t<h2 class=\"elementor-heading-title elementor-size-default\">Manipulaci\u00f3n de Alimentos<\/h2>\t\t\t\t<\/div>\n\t\t\t\t<\/div>\n\t\t\t\t<div class=\"elementor-element elementor-element-bfae65c mb-0 elementor-widget elementor-widget-porto_ultimate_heading\" data-id=\"bfae65c\" data-element_type=\"widget\" data-widget_type=\"porto_ultimate_heading.default\">\n\t\t\t\t<div class=\"elementor-widget-container\">\n\t\t\t\t\t<div class=\"porto-u-heading  porto-u-ad87e2eaf3f9c495180fe0156ddf3eb0\"><div class=\"porto-u-sub-heading\" style=\"margin-bottom:24px;\"><p>Esta capacitaci\u00f3n tiene como fin educar y concientizar a las operarias de cafeter\u00eda sobre la normatividad de Buenas Pr\u00e1cticas de Manufactura (BPM), y acerca de la importancia del buen uso de sus elementos de protecci\u00f3n personal (EPP), cumplimiento de protocolos de servicio, as\u00ed como la conservaci\u00f3n y trato de los alimentos, con el fin de evitar problemas de salud.<\/p><\/div><style>.porto-u-ad87e2eaf3f9c495180fe0156ddf3eb0.porto-u-heading{text-align:left}<\/style><\/div>\t\t\t\t<\/div>\n\t\t\t\t<\/div>\n\t\t\t\t\t<\/div>\r\n\t\t\t\t<\/div>\r\n\t\t\t\t<div class=\"elementor-column elementor-col-50 elementor-inner-column elementor-element elementor-element-01d41a8\" data-id=\"01d41a8\" data-element_type=\"column\">\r\n\t\t\t\t\t<div class=\"elementor-widget-wrap elementor-element-populated\">\r\n\t\t\t\t\t\t\t\t<div class=\"elementor-element elementor-element-d392e27 mb-3 elementor-widget elementor-widget-heading\" data-id=\"d392e27\" data-element_type=\"widget\" data-widget_type=\"heading.default\">\n\t\t\t\t<div class=\"elementor-widget-container\">\n\t\t\t\t\t<h2 class=\"elementor-heading-title elementor-size-default\">Contenido Tem\u00e1tico<\/h2>\t\t\t\t<\/div>\n\t\t\t\t<\/div>\n\t\t\t\t<div class=\"elementor-element elementor-element-b4befc6 mb-0 elementor-widget elementor-widget-porto_ultimate_heading\" data-id=\"b4befc6\" data-element_type=\"widget\" data-widget_type=\"porto_ultimate_heading.default\">\n\t\t\t\t<div class=\"elementor-widget-container\">\n\t\t\t\t\t<div class=\"porto-u-heading  porto-u-ad87e2eaf3f9c495180fe0156ddf3eb0\"><div class=\"porto-u-sub-heading\" style=\"margin-bottom:24px;\"><ul><li>El curso de manipulaci\u00f3n de alimentos es netamente virtual. Se cuenta con asesor\u00eda personalizada para todo el proceso de capacitaci\u00f3n del personal de principio a fin.<\/li><li>Se brinda acceso empresarial para que la empresa pueda monitorear, descargar documentaci\u00f3n, inscribir o eliminar personal.<\/li><li>La plataforma de capacitaci\u00f3n se mantiene activa las 24 horas del d\u00eda los 7 d\u00edas de la semana para que el personal se capacite seg\u00fan su disponibilidad. Al activarlos en la plataforma se les env\u00eda las instrucciones de ingreso con su respectivo usuario y contrase\u00f1a.<\/li><li>El personal tendr\u00e1 acceso a la documentaci\u00f3n de manera inmediata una vez finalizada la capacitaci\u00f3n.<\/li><li>Toda la documentaci\u00f3n est\u00e1 actualizada con base a la resoluci\u00f3n vigente (Resoluci\u00f3n 2674 de 2013).<\/li><\/ul><\/div><style>.porto-u-ad87e2eaf3f9c495180fe0156ddf3eb0.porto-u-heading{text-align:left}<\/style><\/div>\t\t\t\t<\/div>\n\t\t\t\t<\/div>\n\t\t\t\t\t<\/div>\r\n\t\t\t\t<\/div>\r\n\t\t\t\t\t<\/div>\r\n\t\t\t\t<\/section>\r\n\t\t\t\t\t<\/div>\r\n\t\t\t\t<\/div>\r\n\t\t\t\t<div class=\"elementor-column elementor-col-50 elementor-top-column elementor-element elementor-element-d136257 fluid-col-lg-5\" data-id=\"d136257\" data-element_type=\"column\">\r\n\t\t\t\t\t<div class=\"elementor-widget-wrap elementor-element-populated\">\r\n\t\t\t\t\t\t\t\t<div class=\"elementor-element elementor-element-a48fbd4 elementor-widget elementor-widget-porto_image_gallery\" data-id=\"a48fbd4\" data-element_type=\"widget\" data-settings=\"{&quot;spacing&quot;:{&quot;unit&quot;:&quot;px&quot;,&quot;size&quot;:100,&quot;sizes&quot;:[]},&quot;view&quot;:&quot;grid&quot;}\" data-widget_type=\"porto_image_gallery.default\">\n\t\t\t\t<div class=\"elementor-widget-container\">\n\t\t\t\t\t<div class=\"porto-gallery has-ccols ccols-1 has-ccols-spacing porto-gallery-grid align-items-start\"><figure><img fetchpriority=\"high\" decoding=\"async\" width=\"800\" height=\"800\" src=\"https:\/\/www.fenaseo.com.co\/wp-content\/uploads\/2025\/04\/manipulacion_de_alimentos.png\" class=\"attachment-full size-full\" alt=\"\" srcset=\"https:\/\/www.fenaseo.com.co\/wp-content\/uploads\/2025\/04\/manipulacion_de_alimentos.png 800w, https:\/\/www.fenaseo.com.co\/wp-content\/uploads\/2025\/04\/manipulacion_de_alimentos-768x768.png 768w, https:\/\/www.fenaseo.com.co\/wp-content\/uploads\/2025\/04\/manipulacion_de_alimentos-640x640.png 640w, https:\/\/www.fenaseo.com.co\/wp-content\/uploads\/2025\/04\/manipulacion_de_alimentos-400x400.png 400w, https:\/\/www.fenaseo.com.co\/wp-content\/uploads\/2025\/04\/manipulacion_de_alimentos-560x560.png 560w, https:\/\/www.fenaseo.com.co\/wp-content\/uploads\/2025\/04\/manipulacion_de_alimentos-367x367.png 367w, https:\/\/www.fenaseo.com.co\/wp-content\/uploads\/2025\/04\/manipulacion_de_alimentos-600x600.png 600w\" sizes=\"(max-width: 800px) 100vw, 800px\" \/><\/figure><\/div>\t\t\t\t<\/div>\n\t\t\t\t<\/div>\n\t\t\t\t\t<\/div>\r\n\t\t\t\t<\/div>\r\n\t\t\t\t\t<\/div>\r\n\t\t\t\t<\/div>\r\n\t\t\t\t<div class=\"elementor-section elementor-top-section elementor-element elementor-element-e370797 py-5 mt-5 elementor-section-boxed elementor-section-height-default elementor-section-height-default\" data-id=\"e370797\" data-element_type=\"section\">\r\n\t\t\r\n\t\t\t\t\t\t\t<div class=\"elementor-container elementor-column-gap-no\">\r\n\t\t\t\t\t\t\t\t\t\t\t<div class=\"elementor-column elementor-col-100 elementor-top-column elementor-element elementor-element-7ba01ec\" data-id=\"7ba01ec\" data-element_type=\"column\">\r\n\t\t\t\t\t<div class=\"elementor-widget-wrap\">\r\n\t\t\t\t\t\t\t\t\t<\/div>\r\n\t\t\t\t<\/div>\r\n\t\t\t\t\t<\/div>\r\n\t\t\t\t<\/div>\r\n\t\t\t\t<\/div>\n\t\t","protected":false},"excerpt":{"rendered":"<p>Manipulaci\u00f3n de Alimentos Esta capacitaci\u00f3n tiene como fin educar y concientizar a las operarias de cafeter\u00eda sobre la normatividad de Buenas Pr\u00e1cticas de Manufactura (BPM), y acerca de la importancia del buen uso de sus elementos de protecci\u00f3n personal (EPP), cumplimiento de protocolos de servicio, as\u00ed como la conservaci\u00f3n y trato de los alimentos, con [&hellip;]<\/p>\n","protected":false},"author":1,"featured_media":0,"parent":0,"menu_order":0,"comment_status":"closed","ping_status":"closed","template":"","meta":{"_acf_changed":false,"content-type":"","footnotes":""},"class_list":["post-4427","page","type-page","status-publish","hentry"],"acf":[],"_links":{"self":[{"href":"https:\/\/www.fenaseo.com.co\/index.php\/wp-json\/wp\/v2\/pages\/4427","targetHints":{"allow":["GET"]}}],"collection":[{"href":"https:\/\/www.fenaseo.com.co\/index.php\/wp-json\/wp\/v2\/pages"}],"about":[{"href":"https:\/\/www.fenaseo.com.co\/index.php\/wp-json\/wp\/v2\/types\/page"}],"author":[{"embeddable":true,"href":"https:\/\/www.fenaseo.com.co\/index.php\/wp-json\/wp\/v2\/users\/1"}],"replies":[{"embeddable":true,"href":"https:\/\/www.fenaseo.com.co\/index.php\/wp-json\/wp\/v2\/comments?post=4427"}],"version-history":[{"count":4,"href":"https:\/\/www.fenaseo.com.co\/index.php\/wp-json\/wp\/v2\/pages\/4427\/revisions"}],"predecessor-version":[{"id":4431,"href":"https:\/\/www.fenaseo.com.co\/index.php\/wp-json\/wp\/v2\/pages\/4427\/revisions\/4431"}],"wp:attachment":[{"href":"https:\/\/www.fenaseo.com.co\/index.php\/wp-json\/wp\/v2\/media?parent=4427"}],"curies":[{"name":"wp","href":"https:\/\/api.w.org\/{rel}","templated":true}]}}