{"id":4400,"date":"2025-04-20T12:18:31","date_gmt":"2025-04-20T17:18:31","guid":{"rendered":"https:\/\/inventaagenciadecomunicacion.com\/fenaseo\/?page_id=4400"},"modified":"2025-04-20T12:22:09","modified_gmt":"2025-04-20T17:22:09","slug":"manejo-de-maquinaria-y-tratamiento-de-pisos","status":"publish","type":"page","link":"https:\/\/www.fenaseo.com.co\/index.php\/manejo-de-maquinaria-y-tratamiento-de-pisos\/","title":{"rendered":"Manejo de Maquinaria y Tratamiento de Pisos"},"content":{"rendered":"\t\t<div data-elementor-type=\"wp-page\" data-elementor-id=\"4400\" class=\"elementor elementor-4400\">\n\t\t\t\t\t\t<div class=\"elementor-section elementor-top-section elementor-element elementor-element-21cf0e0 elementor-section-boxed elementor-section-height-default elementor-section-height-default\" data-id=\"21cf0e0\" data-element_type=\"section\" data-settings=\"{&quot;background_background&quot;:&quot;classic&quot;}\">\r\n\t\t\r\n\t\t\t\t\t\t\t<div class=\"elementor-container elementor-column-gap-no\">\r\n\t\t\t\t\t\t\t\t\t\t\t<div class=\"elementor-column elementor-col-50 elementor-top-column elementor-element elementor-element-bb4fff2 contact-info\" data-id=\"bb4fff2\" data-element_type=\"column\">\r\n\t\t\t\t\t<div class=\"elementor-widget-wrap elementor-element-populated\">\r\n\t\t\t\t\t\t\t\t<section class=\"elementor-section elementor-inner-section elementor-element elementor-element-3e18913 py-5 my-5 elementor-section-boxed elementor-section-height-default elementor-section-height-default\" data-id=\"3e18913\" data-element_type=\"section\">\r\n\t\t\r\n\t\t\t\t\t\t\t<div class=\"elementor-container elementor-column-gap-default\">\r\n\t\t\t\t\t\t\t\t\t\t\t<div class=\"elementor-column elementor-col-50 elementor-inner-column elementor-element elementor-element-9264010\" data-id=\"9264010\" data-element_type=\"column\">\r\n\t\t\t\t\t<div class=\"elementor-widget-wrap elementor-element-populated\">\r\n\t\t\t\t\t\t\t\t<div class=\"elementor-element elementor-element-31e72cd mb-3 elementor-widget elementor-widget-heading\" data-id=\"31e72cd\" data-element_type=\"widget\" data-widget_type=\"heading.default\">\n\t\t\t\t<div class=\"elementor-widget-container\">\n\t\t\t\t\t<h2 class=\"elementor-heading-title elementor-size-default\">Manejo de Maquinaria y Tratamiento de Pisos<\/h2>\t\t\t\t<\/div>\n\t\t\t\t<\/div>\n\t\t\t\t<div class=\"elementor-element elementor-element-bfae65c mb-0 elementor-widget elementor-widget-porto_ultimate_heading\" data-id=\"bfae65c\" data-element_type=\"widget\" data-widget_type=\"porto_ultimate_heading.default\">\n\t\t\t\t<div class=\"elementor-widget-container\">\n\t\t\t\t\t<div class=\"porto-u-heading  porto-u-ad87e2eaf3f9c495180fe0156ddf3eb0\"><div class=\"porto-u-sub-heading\" style=\"margin-bottom:24px;\"><p>Esta capacitaci\u00f3n tiene como prop\u00f3sito principal formar personas con conocimiento t\u00e9cnico en manejo de maquinaria para el desarrollo operativo en la ejecuci\u00f3n de servicios limpieza.<\/p><p>La Capacitaci\u00f3n decapado, sellado y cristalizado, tiene como finalidad capacitar en teor\u00eda y pr\u00e1ctica los procesos de: decapado, sellado y cristalizado de pisos en tiempo real.<\/p><\/div><style>.porto-u-ad87e2eaf3f9c495180fe0156ddf3eb0.porto-u-heading{text-align:left}<\/style><\/div>\t\t\t\t<\/div>\n\t\t\t\t<\/div>\n\t\t\t\t\t<\/div>\r\n\t\t\t\t<\/div>\r\n\t\t\t\t<div class=\"elementor-column elementor-col-50 elementor-inner-column elementor-element elementor-element-01d41a8\" data-id=\"01d41a8\" data-element_type=\"column\">\r\n\t\t\t\t\t<div class=\"elementor-widget-wrap elementor-element-populated\">\r\n\t\t\t\t\t\t\t\t<div class=\"elementor-element elementor-element-d392e27 mb-3 elementor-widget elementor-widget-heading\" data-id=\"d392e27\" data-element_type=\"widget\" data-widget_type=\"heading.default\">\n\t\t\t\t<div class=\"elementor-widget-container\">\n\t\t\t\t\t<h2 class=\"elementor-heading-title elementor-size-default\">Contenido Tem\u00e1tico<\/h2>\t\t\t\t<\/div>\n\t\t\t\t<\/div>\n\t\t\t\t<div class=\"elementor-element elementor-element-b4befc6 mb-0 elementor-widget elementor-widget-porto_ultimate_heading\" data-id=\"b4befc6\" data-element_type=\"widget\" data-widget_type=\"porto_ultimate_heading.default\">\n\t\t\t\t<div class=\"elementor-widget-container\">\n\t\t\t\t\t<div class=\"porto-u-heading  porto-u-ad87e2eaf3f9c495180fe0156ddf3eb0\"><div class=\"porto-u-sub-heading\" style=\"margin-bottom:24px;\"><ul><li>T\u00e9cnicas de limpieza e Higienizaci\u00f3n Profesional.<\/li><li>Concepto de Limpieza para elegir los productos y\/o equipos.<\/li><li>Conceptos b\u00e1sicos de higiene profesional.<\/li><li>Variables de la limpieza.<\/li><li>Limpieza e Higiene Profesional.<\/li><li>Tratamiento de Pisos.<\/li><li>Analizando la superficie.<\/li><li>Pisos R\u00fasticos.<\/li><li>Limpieza de Pisos.<\/li><li>Implantaci\u00f3n \/ Remoci\u00f3n.<\/li><li>Aplicaci\u00f3n de Sellador y\/o Acabado.<\/li><li>Lustrado del Acabado Acr\u00edlico.<\/li><li>Uso, cuidado de brilladora y fregadora.<\/li><li>Tipos de pisos.<\/li><li>Procedimiento decapado de pisos.<\/li><li>Procedimiento sellado y cristalizado de pisos.<\/li><li>Desmanchado de pisos.<\/li><li>Mantenimiento de pisos.<\/li><\/ul><\/div><style>.porto-u-ad87e2eaf3f9c495180fe0156ddf3eb0.porto-u-heading{text-align:left}<\/style><\/div>\t\t\t\t<\/div>\n\t\t\t\t<\/div>\n\t\t\t\t\t<\/div>\r\n\t\t\t\t<\/div>\r\n\t\t\t\t\t<\/div>\r\n\t\t\t\t<\/section>\r\n\t\t\t\t\t<\/div>\r\n\t\t\t\t<\/div>\r\n\t\t\t\t<div class=\"elementor-column elementor-col-50 elementor-top-column elementor-element elementor-element-d136257 fluid-col-lg-5\" data-id=\"d136257\" data-element_type=\"column\">\r\n\t\t\t\t\t<div class=\"elementor-widget-wrap elementor-element-populated\">\r\n\t\t\t\t\t\t\t\t<div class=\"elementor-element elementor-element-a48fbd4 elementor-widget elementor-widget-porto_image_gallery\" data-id=\"a48fbd4\" data-element_type=\"widget\" data-settings=\"{&quot;spacing&quot;:{&quot;unit&quot;:&quot;px&quot;,&quot;size&quot;:100,&quot;sizes&quot;:[]},&quot;view&quot;:&quot;grid&quot;}\" data-widget_type=\"porto_image_gallery.default\">\n\t\t\t\t<div class=\"elementor-widget-container\">\n\t\t\t\t\t<div class=\"porto-gallery has-ccols ccols-1 has-ccols-spacing porto-gallery-grid align-items-start\"><figure><img fetchpriority=\"high\" decoding=\"async\" width=\"800\" height=\"800\" src=\"https:\/\/www.fenaseo.com.co\/wp-content\/uploads\/2022\/05\/Maquinaria_aseo.png\" class=\"attachment-full size-full\" alt=\"\" srcset=\"https:\/\/www.fenaseo.com.co\/wp-content\/uploads\/2022\/05\/Maquinaria_aseo.png 800w, https:\/\/www.fenaseo.com.co\/wp-content\/uploads\/2022\/05\/Maquinaria_aseo-768x768.png 768w, https:\/\/www.fenaseo.com.co\/wp-content\/uploads\/2022\/05\/Maquinaria_aseo-640x640.png 640w, https:\/\/www.fenaseo.com.co\/wp-content\/uploads\/2022\/05\/Maquinaria_aseo-400x400.png 400w, https:\/\/www.fenaseo.com.co\/wp-content\/uploads\/2022\/05\/Maquinaria_aseo-560x560.png 560w, https:\/\/www.fenaseo.com.co\/wp-content\/uploads\/2022\/05\/Maquinaria_aseo-367x367.png 367w, https:\/\/www.fenaseo.com.co\/wp-content\/uploads\/2022\/05\/Maquinaria_aseo-600x600.png 600w\" sizes=\"(max-width: 800px) 100vw, 800px\" \/><\/figure><\/div>\t\t\t\t<\/div>\n\t\t\t\t<\/div>\n\t\t\t\t\t<\/div>\r\n\t\t\t\t<\/div>\r\n\t\t\t\t\t<\/div>\r\n\t\t\t\t<\/div>\r\n\t\t\t\t<div class=\"elementor-section elementor-top-section elementor-element elementor-element-e370797 py-5 mt-5 elementor-section-boxed elementor-section-height-default elementor-section-height-default\" data-id=\"e370797\" data-element_type=\"section\">\r\n\t\t\r\n\t\t\t\t\t\t\t<div class=\"elementor-container elementor-column-gap-no\">\r\n\t\t\t\t\t\t\t\t\t\t\t<div class=\"elementor-column elementor-col-100 elementor-top-column elementor-element elementor-element-7ba01ec\" data-id=\"7ba01ec\" data-element_type=\"column\">\r\n\t\t\t\t\t<div class=\"elementor-widget-wrap\">\r\n\t\t\t\t\t\t\t\t\t<\/div>\r\n\t\t\t\t<\/div>\r\n\t\t\t\t\t<\/div>\r\n\t\t\t\t<\/div>\r\n\t\t\t\t<\/div>\n\t\t","protected":false},"excerpt":{"rendered":"<p>Manejo de Maquinaria y Tratamiento de Pisos Esta capacitaci\u00f3n tiene como prop\u00f3sito principal formar personas con conocimiento t\u00e9cnico en manejo de maquinaria para el desarrollo operativo en la ejecuci\u00f3n de servicios limpieza. La Capacitaci\u00f3n decapado, sellado y cristalizado, tiene como finalidad capacitar en teor\u00eda y pr\u00e1ctica los procesos de: decapado, sellado y cristalizado de pisos [&hellip;]<\/p>\n","protected":false},"author":1,"featured_media":0,"parent":0,"menu_order":0,"comment_status":"closed","ping_status":"closed","template":"","meta":{"_acf_changed":false,"content-type":"","footnotes":""},"class_list":["post-4400","page","type-page","status-publish","hentry"],"acf":[],"_links":{"self":[{"href":"https:\/\/www.fenaseo.com.co\/index.php\/wp-json\/wp\/v2\/pages\/4400","targetHints":{"allow":["GET"]}}],"collection":[{"href":"https:\/\/www.fenaseo.com.co\/index.php\/wp-json\/wp\/v2\/pages"}],"about":[{"href":"https:\/\/www.fenaseo.com.co\/index.php\/wp-json\/wp\/v2\/types\/page"}],"author":[{"embeddable":true,"href":"https:\/\/www.fenaseo.com.co\/index.php\/wp-json\/wp\/v2\/users\/1"}],"replies":[{"embeddable":true,"href":"https:\/\/www.fenaseo.com.co\/index.php\/wp-json\/wp\/v2\/comments?post=4400"}],"version-history":[{"count":4,"href":"https:\/\/www.fenaseo.com.co\/index.php\/wp-json\/wp\/v2\/pages\/4400\/revisions"}],"predecessor-version":[{"id":4404,"href":"https:\/\/www.fenaseo.com.co\/index.php\/wp-json\/wp\/v2\/pages\/4400\/revisions\/4404"}],"wp:attachment":[{"href":"https:\/\/www.fenaseo.com.co\/index.php\/wp-json\/wp\/v2\/media?parent=4400"}],"curies":[{"name":"wp","href":"https:\/\/api.w.org\/{rel}","templated":true}]}}